{"id":224,"date":"2017-10-15T13:47:21","date_gmt":"2017-10-15T13:47:21","guid":{"rendered":"https:\/\/www.siragusano.it\/supplenze\/?page_id=224"},"modified":"2018-08-21T16:39:53","modified_gmt":"2018-08-21T15:39:53","slug":"ata-mad","status":"publish","type":"page","link":"https:\/\/www.siragusano.it\/supplenze\/ata-mad","title":{"rendered":"A.T.A. &#8211; MAD"},"content":{"rendered":"<p style=\"text-align: center;\"><span style=\"font-size: 14pt; color: #ff0000;\"><strong>Personale A.T.A. &#8211;\u00a0Messa a disposizione (MAD)<\/strong><\/span><\/p>\n<p style=\"text-align: justify;\">Colui che non \u00e8 inserito in graduatorie di terza fascia\u00a0pu\u00f2 produrre domanda di\u00a0<span style=\"color: #ff0000;\"><strong>Messa a disposizione (MAD)<\/strong><\/span>, ovvero pu\u00f2 dare la propria disponibilit\u00e0 a coprire eventuali posti vacanti in qualit\u00e0 di supplenti tramite una semplice istanza da inviare alle scuole.<\/p>\n<p style=\"text-align: justify;\">Infatti, la\u00a0<strong>Messa a disposizione<\/strong>, non \u00e8 altro che una\u00a0<strong>candidatura spontanea<\/strong>\u00a0nella speranza di essere chiamati per sostituzioni,\u00a0<strong>supplenze<\/strong>\u00a0di breve durata.<\/p>\n<p style=\"text-align: justify;\">La\u00a0domanda\u00a0di Messa a disposizione deve essere redatta in modo\u00a0<strong>formale<\/strong>\u00a0e contenere i dati importanti di chi fa richiesta e pu\u00f2 essere inviata alle scuole tramite:<\/p>\n<ul style=\"text-align: justify;\">\n<li><em>Inviare via <u>PEC<\/u> a:<\/em><span style=\"color: #ff0000;\"><strong> Codice_Istituto@pec.istruzione.it <\/strong><\/span><em>(Sede del Dirigente Scolastico)<\/em>,<\/li>\n<li><em>Trasmettere:<\/em> <span style=\"color: #ff0000;\"><strong>FAX<\/strong><\/span>,<\/li>\n<li><em>Spedire:<\/em> <span style=\"color: #ff0000;\"><strong>Raccomandata A.R.<\/strong><\/span><strong>,<\/strong><\/li>\n<li><em>Consegnare: <\/em><span style=\"color: #ff0000;\"><strong>Brevi manu<\/strong><\/span><strong>.<\/strong><\/li>\n<\/ul>\n<p style=\"text-align: justify;\">La domanda, \u00e8 bene segnalare, deve essere inoltrata presso la sede dove \u00e8 presente il Dirigente Scolastico e non alle sedi succursali o distaccate in cui lo stesso \u00e8 reggente.<\/p>\n<p style=\"text-align: justify;\">Si ricorda che non esiste un limite di scuole a cui inviare le\u00a0<strong>MAD<\/strong>, ma \u00e8 consigliabile scegliere una provincia d\u2019interesse e inviare le domande presso tutte le scuole in cui si desidera prestare servizio come Personale A.T.A..<\/p>\n<p><strong><a href=\"https:\/\/www.siragusano.it\/supplenze\/archivio\/modulistica\/ata\/MAD_ATA_Modello_generico_supplenze.doc\" target=\"_blank\" rel=\"noopener\">Modello: Messa a disposizione supplenze ATA<\/a><\/strong><\/p>\n<p><strong><a href=\"https:\/\/www.siragusano.it\/supplenze\/archivio\/modulistica\/ata\/MAD_ATA_Modello_generico_supplenze.pdf\" target=\"_blank\" rel=\"noopener\">Modello: Messa a disposizione supplenze ATA<\/a><\/strong><\/p>\n<p><strong><a href=\"https:\/\/www.siragusano.it\/supplenze\/archivio\/modulistica\/ata\/MAD_ATA_Modello_generico_supplenze.zip\" target=\"_blank\" rel=\"noopener\">Modello: Messa a disposizione supplenze ATA<\/a><\/strong><\/p>\n<p>&nbsp;<\/p>\n","protected":false},"excerpt":{"rendered":"<p>Personale A.T.A. &#8211;\u00a0Messa a disposizione (MAD) Colui che non \u00e8 inserito in graduatorie di terza fascia\u00a0pu\u00f2 produrre domanda di\u00a0Messa a disposizione (MAD), ovvero pu\u00f2 dare la propria disponibilit\u00e0 a coprire eventuali posti vacanti in qualit\u00e0 di supplenti tramite una semplice istanza da inviare alle scuole. Infatti, la\u00a0Messa a disposizione, non \u00e8 altro che una\u00a0candidatura spontanea\u00a0nella [&hellip;]<\/p>\n","protected":false},"author":1,"featured_media":0,"parent":0,"menu_order":0,"comment_status":"closed","ping_status":"closed","template":"","meta":{"footnotes":""},"class_list":["post-224","page","type-page","status-publish","hentry"],"_links":{"self":[{"href":"https:\/\/www.siragusano.it\/supplenze\/wp-json\/wp\/v2\/pages\/224","targetHints":{"allow":["GET"]}}],"collection":[{"href":"https:\/\/www.siragusano.it\/supplenze\/wp-json\/wp\/v2\/pages"}],"about":[{"href":"https:\/\/www.siragusano.it\/supplenze\/wp-json\/wp\/v2\/types\/page"}],"author":[{"embeddable":true,"href":"https:\/\/www.siragusano.it\/supplenze\/wp-json\/wp\/v2\/users\/1"}],"replies":[{"embeddable":true,"href":"https:\/\/www.siragusano.it\/supplenze\/wp-json\/wp\/v2\/comments?post=224"}],"version-history":[{"count":12,"href":"https:\/\/www.siragusano.it\/supplenze\/wp-json\/wp\/v2\/pages\/224\/revisions"}],"predecessor-version":[{"id":2516,"href":"https:\/\/www.siragusano.it\/supplenze\/wp-json\/wp\/v2\/pages\/224\/revisions\/2516"}],"wp:attachment":[{"href":"https:\/\/www.siragusano.it\/supplenze\/wp-json\/wp\/v2\/media?parent=224"}],"curies":[{"name":"wp","href":"https:\/\/api.w.org\/{rel}","templated":true}]}}