{"id":2,"date":"2017-05-05T23:17:13","date_gmt":"2017-05-05T23:17:13","guid":{"rendered":"https:\/\/www.siragusano.it\/supplenze\/?page_id=2"},"modified":"2018-03-06T18:47:07","modified_gmt":"2018-03-06T18:47:07","slug":"home","status":"publish","type":"page","link":"https:\/\/www.siragusano.it\/supplenze\/home","title":{"rendered":"Home"},"content":{"rendered":"<p>Benvenuta\/o!<\/p>\n<p>Sito web dedicato alle supplenze Personale Docente e A.T.A., triennio 2017-2020.<\/p>\n<p style=\"text-align: center;\"><span style=\"font-size: 14pt;\"><strong><span style=\"color: #ff0000;\">Informazioni utili per le graduatorie di Istituto: Personale A.T.A.<\/span><\/strong><\/span><\/p>\n<p>Come gi\u00e0 anticipato il modello <strong>D3<\/strong> per la scelta delle scuole per la terza fascia ATA sar\u00e0 presentato nel mese di marzo.<\/p>\n<p>Il MIUR predispone gli adempimenti preliminari.<\/p>\n<p>Il <strong>MODELLO D3<\/strong> sar\u00e0 disponibile su Istanze on line dal <span style=\"color: #0000ff;\"><strong>14 marzo<\/strong><\/span> al <span style=\"color: #0000ff;\"><strong>13 aprile<\/strong>\u00a0<strong>c.a.<\/strong><\/span>\u00a0fino alle ore <span style=\"color: #0000ff;\"><strong>14:00<\/strong><\/span>.<\/p>\n<p style=\"text-align: center;\"><a href=\"http:\/\/www.istruzione.it\/polis\/Istanzeonline.htm\" target=\"_blank\" rel=\"noopener\">Accedi ad Istanze Online<\/a><\/p>\n<p><img loading=\"lazy\" decoding=\"async\" class=\"aligncenter\" src=\"https:\/\/www.siragusano.it\/supplenze\/wp-content\/uploads\/2017\/06\/miur-polis-istanze-online.jpg\" width=\"182\" height=\"74\" \/><\/p>\n<p><img loading=\"lazy\" decoding=\"async\" class=\" wp-image-553 aligncenter\" src=\"https:\/\/www.siragusano.it\/supplenze\/wp-content\/uploads\/2018\/03\/secretary-2199013_960_720-816x544-300x200.jpg\" alt=\"\" width=\"445\" height=\"296\" srcset=\"https:\/\/www.siragusano.it\/supplenze\/wp-content\/uploads\/2018\/03\/secretary-2199013_960_720-816x544-300x200.jpg 300w, https:\/\/www.siragusano.it\/supplenze\/wp-content\/uploads\/2018\/03\/secretary-2199013_960_720-816x544-768x512.jpg 768w, https:\/\/www.siragusano.it\/supplenze\/wp-content\/uploads\/2018\/03\/secretary-2199013_960_720-816x544-390x260.jpg 390w, https:\/\/www.siragusano.it\/supplenze\/wp-content\/uploads\/2018\/03\/secretary-2199013_960_720-816x544-520x347.jpg 520w, https:\/\/www.siragusano.it\/supplenze\/wp-content\/uploads\/2018\/03\/secretary-2199013_960_720-816x544-740x493.jpg 740w, https:\/\/www.siragusano.it\/supplenze\/wp-content\/uploads\/2018\/03\/secretary-2199013_960_720-816x544.jpg 816w\" sizes=\"auto, (max-width: 445px) 100vw, 445px\" \/><\/p>\n<p>&nbsp;<\/p>\n<p style=\"text-align: center;\">\n","protected":false},"excerpt":{"rendered":"<p>Benvenuta\/o! Sito web dedicato alle supplenze Personale Docente e A.T.A., triennio 2017-2020. Informazioni utili per le graduatorie di Istituto: Personale A.T.A. Come gi\u00e0 anticipato il modello D3 per la scelta delle scuole per la terza fascia ATA sar\u00e0 presentato nel mese di marzo. Il MIUR predispone gli adempimenti preliminari. Il MODELLO D3 sar\u00e0 disponibile su [&hellip;]<\/p>\n","protected":false},"author":1,"featured_media":0,"parent":0,"menu_order":0,"comment_status":"closed","ping_status":"closed","template":"","meta":{"footnotes":""},"class_list":["post-2","page","type-page","status-publish","hentry"],"_links":{"self":[{"href":"https:\/\/www.siragusano.it\/supplenze\/wp-json\/wp\/v2\/pages\/2","targetHints":{"allow":["GET"]}}],"collection":[{"href":"https:\/\/www.siragusano.it\/supplenze\/wp-json\/wp\/v2\/pages"}],"about":[{"href":"https:\/\/www.siragusano.it\/supplenze\/wp-json\/wp\/v2\/types\/page"}],"author":[{"embeddable":true,"href":"https:\/\/www.siragusano.it\/supplenze\/wp-json\/wp\/v2\/users\/1"}],"replies":[{"embeddable":true,"href":"https:\/\/www.siragusano.it\/supplenze\/wp-json\/wp\/v2\/comments?post=2"}],"version-history":[{"count":32,"href":"https:\/\/www.siragusano.it\/supplenze\/wp-json\/wp\/v2\/pages\/2\/revisions"}],"predecessor-version":[{"id":554,"href":"https:\/\/www.siragusano.it\/supplenze\/wp-json\/wp\/v2\/pages\/2\/revisions\/554"}],"wp:attachment":[{"href":"https:\/\/www.siragusano.it\/supplenze\/wp-json\/wp\/v2\/media?parent=2"}],"curies":[{"name":"wp","href":"https:\/\/api.w.org\/{rel}","templated":true}]}}